{"id":1455,"date":"2024-02-21T21:35:27","date_gmt":"2024-02-21T20:35:27","guid":{"rendered":"https:\/\/dentalfinestrat.com\/?page_id=1455"},"modified":"2024-02-21T21:35:28","modified_gmt":"2024-02-21T20:35:28","slug":"politica-de-cookies-2","status":"publish","type":"page","link":"https:\/\/dentalfinestrat.com\/en\/politica-de-cookies-2\/","title":{"rendered":"Pol\u00edtica de Cookies"},"content":{"rendered":"<p>De conformidad a la legislaci\u00f3n espa\u00f1ola en lo relativo al uso de cookies recogida en el Real Decreto-Ley 13\/2012 de 30 de marzo en el que se transpone la directiva europea \u201ce-Privacity\u201d 2009\/136\/CE le informo que esta web (https:\/\/dentalfinestrat.com\/) utiliza archivos cookies para su funcionamiento; la mayor\u00eda de los cuales son necesarias para el correcto funcionamiento de este Sitio Web. El usuario puede no aceptarlas o configurar su navegador para bloquearlas y, en su caso, eliminarlas.<\/p>\n\n\n\n<p>Con car\u00e1cter general le informamos que las cookies son un mensaje enviado por el servidor al ordenador del usuario consistente en ficheros de texto que se almacenan en la memoria del ordenador y que recogen informaci\u00f3n relativa a la p\u00e1gina que se visita, el tiempo de conexi\u00f3n a Internet, etc. Las cookies vuelven a ser enviadas al servidor cada vez que el usuario entra en esa p\u00e1gina.<\/p>\n\n\n\n<p>Con car\u00e1cter general las cookies no pueden leer datos de su disco duro ni leer los archivos cookie creados por otros proveedores. Los logs son unos archivos almacenados en el servidor que registran informaci\u00f3n sobre su navegaci\u00f3n y que tienen por finalidad analizar el funcionamiento del sistema, localizar las incidencias y problemas que puedan surgir y solventarlos en el menor plazo posible, seguirle ofreciendo los servicios que solicita, conocer mejor sus preferencias y ofrecerle otros servicios que puedan adecuarse a sus gustos.<\/p>\n\n\n\n<p>No obstante el usuario podr\u00e1 impedir la generaci\u00f3n de Cookies, mediante la selecci\u00f3n de la correspondiente opci\u00f3n en su programa navegador.<\/p>\n\n\n\n<h3 class=\"wp-block-heading\" id=\"h-que-son-las-cookies\">\u00bfQU\u00c9 SON LAS COOKIES?<\/h3>\n\n\n\n<p>Una cookie es un fichero que se descarga en su ordenador al acceder a determinadas p\u00e1ginas web. Las cookies permiten a una p\u00e1gina web, entre otras cosas, almacenar y recuperar informaci\u00f3n sobre los h\u00e1bitos de navegaci\u00f3n de un usuario o de su equipo y, dependiendo de la informaci\u00f3n que contengan y de la forma en que utilice su equipo, pueden utilizarse para reconocer al usuario.<\/p>\n\n\n\n<h3 class=\"wp-block-heading\" id=\"h-que-tipos-de-cookies-utiliza-esta-pagina-web\">\u00bfQU\u00c9 TIPOS DE COOKIES UTILIZA ESTA P\u00c1GINA WEB?<\/h3>\n\n\n\n<p>Esta p\u00e1gina web utiliza los siguientes tipos de cookies:<\/p>\n\n\n\n<p>Cookies de an\u00e1lisis: Son aqu\u00e9llas que bien tratadas por nosotros o por terceros, nos permiten cuantificar el n\u00famero de usuarios y as\u00ed realizar la medici\u00f3n y an\u00e1lisis estad\u00edstico de la utilizaci\u00f3n que hacen los usuarios del servicio ofertado. Para ello se analiza su navegaci\u00f3n en nuestra p\u00e1gina web con el fin de mejorar la oferta de productos o servicios que le ofrecemos.<\/p>\n\n\n\n<p>Cookies t\u00e9cnicas: Son aquellas que permiten al usuario la navegaci\u00f3n a trav\u00e9s del \u00e1rea restringida y la utilizaci\u00f3n de sus diferentes funciones, como por ejemplo, llevar a cambio el proceso de compra de un art\u00edculo.<\/p>\n\n\n\n<p>Cookies de personalizaci\u00f3n: Son aquellas que permiten al usuario acceder al servicio con algunas caracter\u00edsticas de car\u00e1cter general predefinidas en funci\u00f3n de una serie de criterios en el terminal del usuario como por ejemplo serian el idioma o el tipo de navegador a trav\u00e9s del cual se conecta al servicio.<\/p>\n\n\n\n<p>Cookies publicitarias: Son aqu\u00e9llas que, bien tratadas por esta web o por terceros, permiten gestionar de la forma m\u00e1s eficaz posible la oferta de los espacios publicitarios que hay en la p\u00e1gina web, adecuando el contenido del anuncio al contenido del servicio solicitado o al uso que realice de nuestra p\u00e1gina web. Para ello podemos analizar sus h\u00e1bitos de navegaci\u00f3n en Internet y podemos mostrarle publicidad relacionada con su perfil de navegaci\u00f3n.<\/p>\n\n\n\n<p>Cookies de publicidad comportamental: Son aquellas que permiten la gesti\u00f3n, de la forma m\u00e1s eficaz posible, de los espacios publicitarios que, en su caso, el editor haya incluido en una p\u00e1gina web, aplicaci\u00f3n o plataforma desde la que presta el servicio solicitado. Este tipo de cookies almacenan informaci\u00f3n del comportamiento de los visitantes obtenida a trav\u00e9s de la observaci\u00f3n continuada de sus h\u00e1bitos de navegaci\u00f3n, lo que permite desarrollar un perfil espec\u00edfico para mostrar avisos publicitarios en funci\u00f3n del mismo.<\/p>\n\n\n\n<h3 class=\"wp-block-heading\" id=\"h-desactivar-las-cookies\">DESACTIVAR LAS COOKIES.<\/h3>\n\n\n\n<p>Puede usted permitir, bloquear o eliminar las cookies instaladas en su equipo mediante la configuraci\u00f3n de las opciones del navegador instalado en su ordenador.<\/p>\n\n\n\n<p>En la mayor\u00eda de los navegadores web se ofrece la posibilidad de permitir, bloquear o eliminar las cookies instaladas en su equipo.<\/p>\n\n\n\n<p>A continuaci\u00f3n puede acceder a la configuraci\u00f3n de los navegadores webs m\u00e1s frecuentes para aceptar, instalar o desactivar las cookies:<\/p>\n\n\n\n<ul class=\"wp-block-list\">\n<li><a href=\"https:\/\/support.google.com\/chrome\/answer\/95647?hl=es\">Configurar cookies en Google Chrome<\/a><\/li>\n\n\n\n<li><a href=\"http:\/\/windows.microsoft.com\/es-es\/windows7\/how-to-manage-cookies-in-internet-explorer-9\">Configurar cookies en Microsoft Internet Explorer<\/a><\/li>\n\n\n\n<li><a href=\"https:\/\/support.mozilla.org\/es\/kb\/habilitar-y-deshabilitar-cookies-sitios-web-rastrear-preferencias?redirectlocale=es&amp;redirectslug=habilitar-y-deshabilitar-cookies-que-los-sitios-we\">Configurar cookies en Mozilla Firefox<\/a><\/li>\n\n\n\n<li><a href=\"https:\/\/support.apple.com\/es-es\/HT201265\">Configurar cookies en Safari (Apple)<\/a><\/li>\n<\/ul>\n\n\n\n<h3 class=\"wp-block-heading\" id=\"h-cookies-de-terceros\">COOKIES DE TERCEROS.<\/h3>\n\n\n\n<p>Esta p\u00e1gina web utiliza servicios de terceros para recopilar informaci\u00f3n con fines estad\u00edsticos y de uso de la web. Se usan cookies de DoubleClick para mejorar la publicidad que se incluye en el sitio web. Son utilizadas para orientar la publicidad seg\u00fan el contenido que es relevante para un usuario, mejorando as\u00ed la calidad de experiencia en el uso del mismo.<\/p>\n\n\n\n<p>En concreto, usamos los servicios de Google Adsense y de Google Analytics para nuestras estad\u00edsticas y publicidad. Algunas cookies son esenciales para el funcionamiento del sitio, por ejemplo el buscador incorporado.<\/p>\n\n\n\n<p>Nuestro sitio incluye otras funcionalidades proporcionadas por terceros. Usted puede f\u00e1cilmente compartir el contenido en redes sociales como Facebook, Twitter o Google +, con los botones que hemos incluido a tal efecto.<\/p>\n\n\n\n<h3 class=\"wp-block-heading\" id=\"h-advertencia-sobre-eliminar-cookies\">ADVERTENCIA SOBRE ELIMINAR COOKIES.<\/h3>\n\n\n\n<p>Usted puede eliminar y bloquear todas las cookies de este sitio, pero parte del sitio no funcionar\u00e1 o la calidad de la p\u00e1gina web puede verse afectada.<\/p>\n\n\n\n<p>Si tiene cualquier duda acerca de nuestra pol\u00edtica de cookies, puede contactar con esta p\u00e1gina web a trav\u00e9s de nuestros canales de Contacto.<\/p>","protected":false},"excerpt":{"rendered":"<p>De conformidad a la legislaci\u00f3n espa\u00f1ola en lo relativo al uso de cookies recogida en el Real Decreto-Ley 13\/2012 de 30 de marzo en el que se transpone la directiva europea \u201ce-Privacity\u201d 2009\/136\/CE le informo que esta web (https:\/\/dentalfinestrat.com\/) utiliza archivos cookies para su funcionamiento; la mayor\u00eda de los cuales son necesarias para el correcto &hellip;<\/p>\n<p class=\"read-more\"> <a class=\"\" href=\"https:\/\/dentalfinestrat.com\/en\/politica-de-cookies-2\/\"> <span class=\"screen-reader-text\">Pol\u00edtica de Cookies<\/span> Read More &raquo;<\/a><\/p>","protected":false},"author":1,"featured_media":0,"parent":0,"menu_order":0,"comment_status":"closed","ping_status":"closed","template":"","meta":{"_uag_custom_page_level_css":"","site-sidebar-layout":"default","site-content-layout":"","ast-site-content-layout":"default","site-content-style":"default","site-sidebar-style":"default","ast-global-header-display":"","ast-banner-title-visibility":"","ast-main-header-display":"","ast-hfb-above-header-display":"","ast-hfb-below-header-display":"","ast-hfb-mobile-header-display":"","site-post-title":"","ast-breadcrumbs-content":"","ast-featured-img":"","footer-sml-layout":"","theme-transparent-header-meta":"","adv-header-id-meta":"","stick-header-meta":"","header-above-stick-meta":"","header-main-stick-meta":"","header-below-stick-meta":"","astra-migrate-meta-layouts":"set","footnotes":""},"class_list":["post-1455","page","type-page","status-publish","hentry"],"yoast_head":"<!-- This site is optimized with the Yoast SEO Premium plugin v20.11 (Yoast SEO v23.0) - https:\/\/yoast.com\/wordpress\/plugins\/seo\/ -->\n<title>Pol\u00edtica de Cookies | Dental Finestrat<\/title>\n<meta name=\"robots\" content=\"index, follow, max-snippet:-1, max-image-preview:large, max-video-preview:-1\" \/>\n<link rel=\"canonical\" href=\"https:\/\/dentalfinestrat.com\/en\/politica-de-cookies-2\/\" \/>\n<meta property=\"og:locale\" content=\"en_US\" \/>\n<meta property=\"og:type\" content=\"article\" \/>\n<meta property=\"og:title\" content=\"Pol\u00edtica de Cookies\" \/>\n<meta property=\"og:description\" content=\"De conformidad a la legislaci\u00f3n espa\u00f1ola en lo relativo al uso de cookies recogida en el Real Decreto-Ley 13\/2012 de 30 de marzo en el que se transpone la directiva europea \u201ce-Privacity\u201d 2009\/136\/CE le informo que esta web (https:\/\/dentalfinestrat.com\/) utiliza archivos cookies para su funcionamiento; la mayor\u00eda de los cuales son necesarias para el correcto &hellip; Pol\u00edtica de Cookies Read More &raquo;\" \/>\n<meta property=\"og:url\" content=\"https:\/\/dentalfinestrat.com\/en\/politica-de-cookies-2\/\" \/>\n<meta property=\"og:site_name\" content=\"Dental Finestrat\" \/>\n<meta property=\"article:modified_time\" content=\"2024-02-21T20:35:28+00:00\" \/>\n<meta property=\"og:image\" content=\"https:\/\/dentalfinestrat.com\/wp-content\/uploads\/2023\/07\/blog-Jarco-1-1-1.jpg\" \/>\n\t<meta property=\"og:image:width\" content=\"145\" \/>\n\t<meta property=\"og:image:height\" content=\"145\" \/>\n\t<meta property=\"og:image:type\" content=\"image\/jpeg\" \/>\n<meta name=\"twitter:card\" content=\"summary_large_image\" \/>\n<meta name=\"twitter:label1\" content=\"Est. reading time\" \/>\n\t<meta name=\"twitter:data1\" content=\"5 minutes\" \/>\n<script type=\"application\/ld+json\" class=\"yoast-schema-graph\">{\"@context\":\"https:\/\/schema.org\",\"@graph\":[{\"@type\":\"WebPage\",\"@id\":\"https:\/\/dentalfinestrat.com\/politica-de-cookies-2\/\",\"url\":\"https:\/\/dentalfinestrat.com\/politica-de-cookies-2\/\",\"name\":\"Pol\u00edtica de Cookies | Dental Finestrat\",\"isPartOf\":{\"@id\":\"https:\/\/dentalfinestrat.com\/#website\"},\"datePublished\":\"2024-02-21T20:35:27+00:00\",\"dateModified\":\"2024-02-21T20:35:28+00:00\",\"breadcrumb\":{\"@id\":\"https:\/\/dentalfinestrat.com\/politica-de-cookies-2\/#breadcrumb\"},\"inLanguage\":\"en-US\",\"potentialAction\":[{\"@type\":\"ReadAction\",\"target\":[\"https:\/\/dentalfinestrat.com\/politica-de-cookies-2\/\"]}]},{\"@type\":\"BreadcrumbList\",\"@id\":\"https:\/\/dentalfinestrat.com\/politica-de-cookies-2\/#breadcrumb\",\"itemListElement\":[{\"@type\":\"ListItem\",\"position\":1,\"name\":\"Home\",\"item\":\"https:\/\/dentalfinestrat.com\/\"},{\"@type\":\"ListItem\",\"position\":2,\"name\":\"Pol\u00edtica de Cookies\"}]},{\"@type\":\"WebSite\",\"@id\":\"https:\/\/dentalfinestrat.com\/#website\",\"url\":\"https:\/\/dentalfinestrat.com\/\",\"name\":\"Dental Finestrat\",\"description\":\"\u25b7 Cl\u00ednica Dental en Valencia.\",\"publisher\":{\"@id\":\"https:\/\/dentalfinestrat.com\/#organization\"},\"potentialAction\":[{\"@type\":\"SearchAction\",\"target\":{\"@type\":\"EntryPoint\",\"urlTemplate\":\"https:\/\/dentalfinestrat.com\/?s={search_term_string}\"},\"query-input\":\"required name=search_term_string\"}],\"inLanguage\":\"en-US\"},{\"@type\":\"Organization\",\"@id\":\"https:\/\/dentalfinestrat.com\/#organization\",\"name\":\"Dental Finestrat\",\"url\":\"https:\/\/dentalfinestrat.com\/\",\"logo\":{\"@type\":\"ImageObject\",\"inLanguage\":\"en-US\",\"@id\":\"https:\/\/dentalfinestrat.com\/#\/schema\/logo\/image\/\",\"url\":\"https:\/\/dentalfinestrat.com\/wp-content\/uploads\/2023\/07\/cropped-Proyecto-nuevo.png\",\"contentUrl\":\"https:\/\/dentalfinestrat.com\/wp-content\/uploads\/2023\/07\/cropped-Proyecto-nuevo.png\",\"width\":470,\"height\":157,\"caption\":\"Dental Finestrat\"},\"image\":{\"@id\":\"https:\/\/dentalfinestrat.com\/#\/schema\/logo\/image\/\"}}]}<\/script>\n<!-- \/ Yoast SEO Premium plugin. -->","yoast_head_json":{"title":"Pol\u00edtica de Cookies | Dental Finestrat","robots":{"index":"index","follow":"follow","max-snippet":"max-snippet:-1","max-image-preview":"max-image-preview:large","max-video-preview":"max-video-preview:-1"},"canonical":"https:\/\/dentalfinestrat.com\/en\/politica-de-cookies-2\/","og_locale":"en_US","og_type":"article","og_title":"Pol\u00edtica de Cookies","og_description":"De conformidad a la legislaci\u00f3n espa\u00f1ola en lo relativo al uso de cookies recogida en el Real Decreto-Ley 13\/2012 de 30 de marzo en el que se transpone la directiva europea \u201ce-Privacity\u201d 2009\/136\/CE le informo que esta web (https:\/\/dentalfinestrat.com\/) utiliza archivos cookies para su funcionamiento; la mayor\u00eda de los cuales son necesarias para el correcto &hellip; Pol\u00edtica de Cookies Read More &raquo;","og_url":"https:\/\/dentalfinestrat.com\/en\/politica-de-cookies-2\/","og_site_name":"Dental Finestrat","article_modified_time":"2024-02-21T20:35:28+00:00","og_image":[{"width":145,"height":145,"url":"https:\/\/dentalfinestrat.com\/wp-content\/uploads\/2023\/07\/blog-Jarco-1-1-1.jpg","type":"image\/jpeg"}],"twitter_card":"summary_large_image","twitter_misc":{"Est. reading time":"5 minutes"},"schema":{"@context":"https:\/\/schema.org","@graph":[{"@type":"WebPage","@id":"https:\/\/dentalfinestrat.com\/politica-de-cookies-2\/","url":"https:\/\/dentalfinestrat.com\/politica-de-cookies-2\/","name":"Pol\u00edtica de Cookies | Dental Finestrat","isPartOf":{"@id":"https:\/\/dentalfinestrat.com\/#website"},"datePublished":"2024-02-21T20:35:27+00:00","dateModified":"2024-02-21T20:35:28+00:00","breadcrumb":{"@id":"https:\/\/dentalfinestrat.com\/politica-de-cookies-2\/#breadcrumb"},"inLanguage":"en-US","potentialAction":[{"@type":"ReadAction","target":["https:\/\/dentalfinestrat.com\/politica-de-cookies-2\/"]}]},{"@type":"BreadcrumbList","@id":"https:\/\/dentalfinestrat.com\/politica-de-cookies-2\/#breadcrumb","itemListElement":[{"@type":"ListItem","position":1,"name":"Home","item":"https:\/\/dentalfinestrat.com\/"},{"@type":"ListItem","position":2,"name":"Pol\u00edtica de Cookies"}]},{"@type":"WebSite","@id":"https:\/\/dentalfinestrat.com\/#website","url":"https:\/\/dentalfinestrat.com\/","name":"Dental Finestrat","description":"\u25b7 Cl\u00ednica Dental en Valencia.","publisher":{"@id":"https:\/\/dentalfinestrat.com\/#organization"},"potentialAction":[{"@type":"SearchAction","target":{"@type":"EntryPoint","urlTemplate":"https:\/\/dentalfinestrat.com\/?s={search_term_string}"},"query-input":"required name=search_term_string"}],"inLanguage":"en-US"},{"@type":"Organization","@id":"https:\/\/dentalfinestrat.com\/#organization","name":"Dental Finestrat","url":"https:\/\/dentalfinestrat.com\/","logo":{"@type":"ImageObject","inLanguage":"en-US","@id":"https:\/\/dentalfinestrat.com\/#\/schema\/logo\/image\/","url":"https:\/\/dentalfinestrat.com\/wp-content\/uploads\/2023\/07\/cropped-Proyecto-nuevo.png","contentUrl":"https:\/\/dentalfinestrat.com\/wp-content\/uploads\/2023\/07\/cropped-Proyecto-nuevo.png","width":470,"height":157,"caption":"Dental Finestrat"},"image":{"@id":"https:\/\/dentalfinestrat.com\/#\/schema\/logo\/image\/"}}]}},"uagb_featured_image_src":{"full":false,"thumbnail":false,"medium":false,"medium_large":false,"large":false,"1536x1536":false,"2048x2048":false,"trp-custom-language-flag":false},"uagb_author_info":{"display_name":"admin","author_link":"https:\/\/dentalfinestrat.com\/en\/author\/admin-pj\/"},"uagb_comment_info":0,"uagb_excerpt":"De conformidad a la legislaci\u00f3n espa\u00f1ola en lo relativo al uso de cookies recogida en el Real Decreto-Ley 13\/2012 de 30 de marzo en el que se transpone la directiva europea \u201ce-Privacity\u201d 2009\/136\/CE le informo que esta web (https:\/\/dentalfinestrat.com\/) utiliza archivos cookies para su funcionamiento; la mayor\u00eda de los cuales son necesarias para el correcto&hellip;","_links":{"self":[{"href":"https:\/\/dentalfinestrat.com\/en\/wp-json\/wp\/v2\/pages\/1455","targetHints":{"allow":["GET"]}}],"collection":[{"href":"https:\/\/dentalfinestrat.com\/en\/wp-json\/wp\/v2\/pages"}],"about":[{"href":"https:\/\/dentalfinestrat.com\/en\/wp-json\/wp\/v2\/types\/page"}],"author":[{"embeddable":true,"href":"https:\/\/dentalfinestrat.com\/en\/wp-json\/wp\/v2\/users\/1"}],"replies":[{"embeddable":true,"href":"https:\/\/dentalfinestrat.com\/en\/wp-json\/wp\/v2\/comments?post=1455"}],"version-history":[{"count":1,"href":"https:\/\/dentalfinestrat.com\/en\/wp-json\/wp\/v2\/pages\/1455\/revisions"}],"predecessor-version":[{"id":1457,"href":"https:\/\/dentalfinestrat.com\/en\/wp-json\/wp\/v2\/pages\/1455\/revisions\/1457"}],"wp:attachment":[{"href":"https:\/\/dentalfinestrat.com\/en\/wp-json\/wp\/v2\/media?parent=1455"}],"curies":[{"name":"wp","href":"https:\/\/api.w.org\/{rel}","templated":true}]}}