{"id":1452,"date":"2024-02-21T21:34:26","date_gmt":"2024-02-21T20:34:26","guid":{"rendered":"https:\/\/dentalfinestrat.com\/?page_id=1452"},"modified":"2024-11-11T19:06:47","modified_gmt":"2024-11-11T18:06:47","slug":"declaracion-de-accesibilidad","status":"publish","type":"page","link":"https:\/\/dentalfinestrat.com\/en\/declaracion-de-accesibilidad\/","title":{"rendered":"Declaraci\u00f3n de Accesibilidad"},"content":{"rendered":"<div data-elementor-type=\"wp-page\" data-elementor-id=\"1452\" class=\"elementor elementor-1452\" data-elementor-post-type=\"page\">\n\t\t\t\t\t\t<section class=\"elementor-section elementor-top-section elementor-element elementor-element-5b8e5d93 elementor-section-boxed elementor-section-height-default elementor-section-height-default\" data-id=\"5b8e5d93\" data-element_type=\"section\">\n\t\t\t\t\t\t<div class=\"elementor-container elementor-column-gap-default\">\n\t\t\t\t\t<div class=\"elementor-column elementor-col-100 elementor-top-column elementor-element elementor-element-1ae991fb\" data-id=\"1ae991fb\" data-element_type=\"column\">\n\t\t\t<div class=\"elementor-widget-wrap elementor-element-populated\">\n\t\t\t\t\t\t<div class=\"elementor-element elementor-element-1b9cb4ed elementor-widget elementor-widget-text-editor\" data-id=\"1b9cb4ed\" data-element_type=\"widget\" data-widget_type=\"text-editor.default\">\n\t\t\t\t<div class=\"elementor-widget-container\">\n\t\t\t<style>\/*! elementor - v3.22.0 - 26-06-2024 *\/\n.elementor-widget-text-editor.elementor-drop-cap-view-stacked .elementor-drop-cap{background-color:#69727d;color:#fff}.elementor-widget-text-editor.elementor-drop-cap-view-framed .elementor-drop-cap{color:#69727d;border:3px solid;background-color:transparent}.elementor-widget-text-editor:not(.elementor-drop-cap-view-default) .elementor-drop-cap{margin-top:8px}.elementor-widget-text-editor:not(.elementor-drop-cap-view-default) .elementor-drop-cap-letter{width:1em;height:1em}.elementor-widget-text-editor .elementor-drop-cap{float:left;text-align:center;line-height:1;font-size:50px}.elementor-widget-text-editor .elementor-drop-cap-letter{display:inline-block}<\/style>\t\t\t\t<h1 style=\"color: var(--awb-color8)\"><span style=\"font-size: 16px;font-style: inherit;font-weight: inherit;background-color: var(--ast-global-color-5);color: var(--ast-global-color-3);, sans-serif\">PR\u00d3TESIS JARCO SL se ha comprometido a hacer accesible su sitio web. La presente declaraci\u00f3n de accesibilidad se aplica al sitio web <\/span><a href=\"https:\/\/dentalfinestrat.com\/en\/\" style=\"font-size: 16px;font-style: inherit;font-weight: inherit;, sans-serif\">https:\/\/dentalfinestrat.com\/<\/a><\/h1>\n<p>&nbsp;<\/p>\n<h3>SITUACI\u00d3N DE CUMPLIMIENTO<\/h3>\n<p>Este sitio web es parcialmente conforme con el RD 1112\/2018 debido a las excepciones y a la falta de conformidad de los aspectos que se indican en el siguiente punto.<\/p>\n<p>&nbsp;<\/p>\n<h3>CONTENIDO NO ACCESIBLE<\/h3>\n<p>El contenido que se recoge a continuaci\u00f3n no es accesible por lo siguiente:<\/p>\n<ul>\n<li>Falta de conformidad con el RD 1112\/2018Podr\u00edan existir errores de c\u00f3digo puntuales de edici\u00f3n en alguna p\u00e1gina web. [4.1.1 Procesamiento]<\/li>\n<\/ul>\n<p>Podr\u00edan existir algunos componentes de la interfaz de usuario que no se encuentren etiquetados correctamente. [4.1.2 Nombre, funci\u00f3n, valor]<\/p>\n<ul>\n<li>Carga desproporcionada: No aplica.<\/li>\n<li>El contenido no entra dentro del \u00e1mbito de la legislaci\u00f3n aplicable: No aplica.<\/li>\n<\/ul>\n<p>&nbsp;<\/p>\n<h3>PREPARACI\u00d3N DE LA PRESENTE DECLARACI\u00d3N DE ACCESIBILIDAD<\/h3>\n<p>La presente declaraci\u00f3n fue preparada el 26 de Julio 2023.<\/p>\n<p>El m\u00e9todo empleado para preparar la declaraci\u00f3n ha sido una autoevaluaci\u00f3n llevada a cabo por el propio organismo.<\/p>\n<p>&nbsp;<\/p>\n<h3>OBSERVACIONES Y DATOS DE CONTACTO<\/h3>\n<p>Puede realizar comunicaciones sobre requisitos de accesibilidad (art\u00edculo 10.2.a del RD 1112\/2018) como por ejemplo:<\/p>\n<ul>\n<li>informar sobre cualquier posible incumplimiento por parte de este sitio web<\/li>\n<li>transmitir otras dificultades de acceso al contenido<\/li>\n<li>formular cualquier otra consulta o sugerencia de mejora relativa a la accesibilidad del sitio web a trav\u00e9s del formulario de contacto de este sitio web.<\/li>\n<\/ul>\n<p>Puede presentar:<\/p>\n<ul>\n<li>Queja relativa al cumplimiento de los requisitos del RD 1112\/2018 o<\/li>\n<li>Solicitud de Informaci\u00f3n accesible relativa a:\n<ul>\n<li>Contenidos que est\u00e1n excluidos del \u00e1mbito de aplicaci\u00f3n del RD 1112\/2018 seg\u00fan lo establecido por el art\u00edculo 3, apartado 4.<\/li>\n<li>Contenidos que est\u00e1n exentos del cumplimiento de los requisitos de accesibilidad por imponer una carga desproporcionada.<\/li>\n<\/ul>\n<p>&nbsp;<\/p>\n<\/li><\/ul>\n<p>En la Solicitud de informaci\u00f3n accesible, se debe concretar, con toda claridad, los hechos, razones y petici\u00f3n que permitan constatar que se trata de una solicitud razonable y leg\u00edtima.<\/p>\t\t\t\t\t\t<\/div>\n\t\t\t\t<\/div>\n\t\t\t\t\t<\/div>\n\t\t<\/div>\n\t\t\t\t\t<\/div>\n\t\t<\/section>\n\t\t\t\t<\/div>","protected":false},"excerpt":{"rendered":"<p>PR\u00d3TESIS JARCO SL se ha comprometido a hacer accesible su sitio web. La presente declaraci\u00f3n de accesibilidad se aplica al sitio web https:\/\/dentalfinestrat.com\/ &nbsp; SITUACI\u00d3N DE CUMPLIMIENTO Este sitio web es parcialmente conforme con el RD 1112\/2018 debido a las excepciones y a la falta de conformidad de los aspectos que se indican en el &hellip;<\/p>\n<p class=\"read-more\"> <a class=\"\" href=\"https:\/\/dentalfinestrat.com\/en\/declaracion-de-accesibilidad\/\"> <span class=\"screen-reader-text\">Declaraci\u00f3n de Accesibilidad<\/span> Read More &raquo;<\/a><\/p>","protected":false},"author":1,"featured_media":0,"parent":0,"menu_order":0,"comment_status":"closed","ping_status":"closed","template":"","meta":{"_uag_custom_page_level_css":"","site-sidebar-layout":"default","site-content-layout":"","ast-site-content-layout":"default","site-content-style":"default","site-sidebar-style":"default","ast-global-header-display":"","ast-banner-title-visibility":"","ast-main-header-display":"","ast-hfb-above-header-display":"","ast-hfb-below-header-display":"","ast-hfb-mobile-header-display":"","site-post-title":"","ast-breadcrumbs-content":"","ast-featured-img":"","footer-sml-layout":"","theme-transparent-header-meta":"","adv-header-id-meta":"","stick-header-meta":"","header-above-stick-meta":"","header-main-stick-meta":"","header-below-stick-meta":"","astra-migrate-meta-layouts":"set","footnotes":""},"class_list":["post-1452","page","type-page","status-publish","hentry"],"yoast_head":"<!-- This site is optimized with the Yoast SEO Premium plugin v20.11 (Yoast SEO v23.0) - https:\/\/yoast.com\/wordpress\/plugins\/seo\/ -->\n<title>Declaraci\u00f3n de Accesibilidad | Dental Finestrat<\/title>\n<meta name=\"robots\" content=\"index, follow, max-snippet:-1, max-image-preview:large, max-video-preview:-1\" \/>\n<link rel=\"canonical\" href=\"https:\/\/dentalfinestrat.com\/en\/declaracion-de-accesibilidad\/\" \/>\n<meta property=\"og:locale\" content=\"en_US\" \/>\n<meta property=\"og:type\" content=\"article\" \/>\n<meta property=\"og:title\" content=\"Declaraci\u00f3n de Accesibilidad\" \/>\n<meta property=\"og:description\" content=\"PR\u00d3TESIS JARCO SL se ha comprometido a hacer accesible su sitio web. La presente declaraci\u00f3n de accesibilidad se aplica al sitio web https:\/\/dentalfinestrat.com\/ &nbsp; SITUACI\u00d3N DE CUMPLIMIENTO Este sitio web es parcialmente conforme con el RD 1112\/2018 debido a las excepciones y a la falta de conformidad de los aspectos que se indican en el &hellip; Declaraci\u00f3n de Accesibilidad Read More &raquo;\" \/>\n<meta property=\"og:url\" content=\"https:\/\/dentalfinestrat.com\/en\/declaracion-de-accesibilidad\/\" \/>\n<meta property=\"og:site_name\" content=\"Dental Finestrat\" \/>\n<meta property=\"article:modified_time\" content=\"2024-11-11T18:06:47+00:00\" \/>\n<meta property=\"og:image\" content=\"https:\/\/dentalfinestrat.com\/wp-content\/uploads\/2023\/07\/blog-Jarco-1-1-1.jpg\" \/>\n\t<meta property=\"og:image:width\" content=\"145\" \/>\n\t<meta property=\"og:image:height\" content=\"145\" \/>\n\t<meta property=\"og:image:type\" content=\"image\/jpeg\" \/>\n<meta name=\"twitter:card\" content=\"summary_large_image\" \/>\n<meta name=\"twitter:label1\" content=\"Est. reading time\" \/>\n\t<meta name=\"twitter:data1\" content=\"2 minutes\" \/>\n<script type=\"application\/ld+json\" class=\"yoast-schema-graph\">{\"@context\":\"https:\/\/schema.org\",\"@graph\":[{\"@type\":\"WebPage\",\"@id\":\"https:\/\/dentalfinestrat.com\/declaracion-de-accesibilidad\/\",\"url\":\"https:\/\/dentalfinestrat.com\/declaracion-de-accesibilidad\/\",\"name\":\"Declaraci\u00f3n de Accesibilidad | Dental Finestrat\",\"isPartOf\":{\"@id\":\"https:\/\/dentalfinestrat.com\/#website\"},\"datePublished\":\"2024-02-21T20:34:26+00:00\",\"dateModified\":\"2024-11-11T18:06:47+00:00\",\"breadcrumb\":{\"@id\":\"https:\/\/dentalfinestrat.com\/declaracion-de-accesibilidad\/#breadcrumb\"},\"inLanguage\":\"en-US\",\"potentialAction\":[{\"@type\":\"ReadAction\",\"target\":[\"https:\/\/dentalfinestrat.com\/declaracion-de-accesibilidad\/\"]}]},{\"@type\":\"BreadcrumbList\",\"@id\":\"https:\/\/dentalfinestrat.com\/declaracion-de-accesibilidad\/#breadcrumb\",\"itemListElement\":[{\"@type\":\"ListItem\",\"position\":1,\"name\":\"Home\",\"item\":\"https:\/\/dentalfinestrat.com\/\"},{\"@type\":\"ListItem\",\"position\":2,\"name\":\"Declaraci\u00f3n de Accesibilidad\"}]},{\"@type\":\"WebSite\",\"@id\":\"https:\/\/dentalfinestrat.com\/#website\",\"url\":\"https:\/\/dentalfinestrat.com\/\",\"name\":\"Dental Finestrat\",\"description\":\"\u25b7 Cl\u00ednica Dental en Valencia.\",\"publisher\":{\"@id\":\"https:\/\/dentalfinestrat.com\/#organization\"},\"potentialAction\":[{\"@type\":\"SearchAction\",\"target\":{\"@type\":\"EntryPoint\",\"urlTemplate\":\"https:\/\/dentalfinestrat.com\/?s={search_term_string}\"},\"query-input\":\"required name=search_term_string\"}],\"inLanguage\":\"en-US\"},{\"@type\":\"Organization\",\"@id\":\"https:\/\/dentalfinestrat.com\/#organization\",\"name\":\"Dental Finestrat\",\"url\":\"https:\/\/dentalfinestrat.com\/\",\"logo\":{\"@type\":\"ImageObject\",\"inLanguage\":\"en-US\",\"@id\":\"https:\/\/dentalfinestrat.com\/#\/schema\/logo\/image\/\",\"url\":\"https:\/\/dentalfinestrat.com\/wp-content\/uploads\/2023\/07\/cropped-Proyecto-nuevo.png\",\"contentUrl\":\"https:\/\/dentalfinestrat.com\/wp-content\/uploads\/2023\/07\/cropped-Proyecto-nuevo.png\",\"width\":470,\"height\":157,\"caption\":\"Dental Finestrat\"},\"image\":{\"@id\":\"https:\/\/dentalfinestrat.com\/#\/schema\/logo\/image\/\"}}]}<\/script>\n<!-- \/ Yoast SEO Premium plugin. -->","yoast_head_json":{"title":"Declaraci\u00f3n de Accesibilidad | Dental Finestrat","robots":{"index":"index","follow":"follow","max-snippet":"max-snippet:-1","max-image-preview":"max-image-preview:large","max-video-preview":"max-video-preview:-1"},"canonical":"https:\/\/dentalfinestrat.com\/en\/declaracion-de-accesibilidad\/","og_locale":"en_US","og_type":"article","og_title":"Declaraci\u00f3n de Accesibilidad","og_description":"PR\u00d3TESIS JARCO SL se ha comprometido a hacer accesible su sitio web. La presente declaraci\u00f3n de accesibilidad se aplica al sitio web https:\/\/dentalfinestrat.com\/ &nbsp; SITUACI\u00d3N DE CUMPLIMIENTO Este sitio web es parcialmente conforme con el RD 1112\/2018 debido a las excepciones y a la falta de conformidad de los aspectos que se indican en el &hellip; Declaraci\u00f3n de Accesibilidad Read More &raquo;","og_url":"https:\/\/dentalfinestrat.com\/en\/declaracion-de-accesibilidad\/","og_site_name":"Dental Finestrat","article_modified_time":"2024-11-11T18:06:47+00:00","og_image":[{"width":145,"height":145,"url":"https:\/\/dentalfinestrat.com\/wp-content\/uploads\/2023\/07\/blog-Jarco-1-1-1.jpg","type":"image\/jpeg"}],"twitter_card":"summary_large_image","twitter_misc":{"Est. reading time":"2 minutes"},"schema":{"@context":"https:\/\/schema.org","@graph":[{"@type":"WebPage","@id":"https:\/\/dentalfinestrat.com\/declaracion-de-accesibilidad\/","url":"https:\/\/dentalfinestrat.com\/declaracion-de-accesibilidad\/","name":"Declaraci\u00f3n de Accesibilidad | Dental Finestrat","isPartOf":{"@id":"https:\/\/dentalfinestrat.com\/#website"},"datePublished":"2024-02-21T20:34:26+00:00","dateModified":"2024-11-11T18:06:47+00:00","breadcrumb":{"@id":"https:\/\/dentalfinestrat.com\/declaracion-de-accesibilidad\/#breadcrumb"},"inLanguage":"en-US","potentialAction":[{"@type":"ReadAction","target":["https:\/\/dentalfinestrat.com\/declaracion-de-accesibilidad\/"]}]},{"@type":"BreadcrumbList","@id":"https:\/\/dentalfinestrat.com\/declaracion-de-accesibilidad\/#breadcrumb","itemListElement":[{"@type":"ListItem","position":1,"name":"Home","item":"https:\/\/dentalfinestrat.com\/"},{"@type":"ListItem","position":2,"name":"Declaraci\u00f3n de Accesibilidad"}]},{"@type":"WebSite","@id":"https:\/\/dentalfinestrat.com\/#website","url":"https:\/\/dentalfinestrat.com\/","name":"Dental Finestrat","description":"\u25b7 Cl\u00ednica Dental en Valencia.","publisher":{"@id":"https:\/\/dentalfinestrat.com\/#organization"},"potentialAction":[{"@type":"SearchAction","target":{"@type":"EntryPoint","urlTemplate":"https:\/\/dentalfinestrat.com\/?s={search_term_string}"},"query-input":"required name=search_term_string"}],"inLanguage":"en-US"},{"@type":"Organization","@id":"https:\/\/dentalfinestrat.com\/#organization","name":"Dental Finestrat","url":"https:\/\/dentalfinestrat.com\/","logo":{"@type":"ImageObject","inLanguage":"en-US","@id":"https:\/\/dentalfinestrat.com\/#\/schema\/logo\/image\/","url":"https:\/\/dentalfinestrat.com\/wp-content\/uploads\/2023\/07\/cropped-Proyecto-nuevo.png","contentUrl":"https:\/\/dentalfinestrat.com\/wp-content\/uploads\/2023\/07\/cropped-Proyecto-nuevo.png","width":470,"height":157,"caption":"Dental Finestrat"},"image":{"@id":"https:\/\/dentalfinestrat.com\/#\/schema\/logo\/image\/"}}]}},"uagb_featured_image_src":{"full":false,"thumbnail":false,"medium":false,"medium_large":false,"large":false,"1536x1536":false,"2048x2048":false,"trp-custom-language-flag":false},"uagb_author_info":{"display_name":"admin","author_link":"https:\/\/dentalfinestrat.com\/en\/author\/admin-pj\/"},"uagb_comment_info":0,"uagb_excerpt":"PR\u00d3TESIS JARCO SL se ha comprometido a hacer accesible su sitio web. La presente declaraci\u00f3n de accesibilidad se aplica al sitio web https:\/\/dentalfinestrat.com\/ &nbsp; SITUACI\u00d3N DE CUMPLIMIENTO Este sitio web es parcialmente conforme con el RD 1112\/2018 debido a las excepciones y a la falta de conformidad de los aspectos que se indican en el&hellip;","_links":{"self":[{"href":"https:\/\/dentalfinestrat.com\/en\/wp-json\/wp\/v2\/pages\/1452","targetHints":{"allow":["GET"]}}],"collection":[{"href":"https:\/\/dentalfinestrat.com\/en\/wp-json\/wp\/v2\/pages"}],"about":[{"href":"https:\/\/dentalfinestrat.com\/en\/wp-json\/wp\/v2\/types\/page"}],"author":[{"embeddable":true,"href":"https:\/\/dentalfinestrat.com\/en\/wp-json\/wp\/v2\/users\/1"}],"replies":[{"embeddable":true,"href":"https:\/\/dentalfinestrat.com\/en\/wp-json\/wp\/v2\/comments?post=1452"}],"version-history":[{"count":4,"href":"https:\/\/dentalfinestrat.com\/en\/wp-json\/wp\/v2\/pages\/1452\/revisions"}],"predecessor-version":[{"id":1599,"href":"https:\/\/dentalfinestrat.com\/en\/wp-json\/wp\/v2\/pages\/1452\/revisions\/1599"}],"wp:attachment":[{"href":"https:\/\/dentalfinestrat.com\/en\/wp-json\/wp\/v2\/media?parent=1452"}],"curies":[{"name":"wp","href":"https:\/\/api.w.org\/{rel}","templated":true}]}}