{"id":1154,"date":"2023-08-31T12:54:36","date_gmt":"2023-08-31T10:54:36","guid":{"rendered":"https:\/\/dentalfinestrat.com\/?page_id=1154"},"modified":"2026-02-13T11:23:46","modified_gmt":"2026-02-13T10:23:46","slug":"elementor-1154","status":"publish","type":"page","link":"https:\/\/dentalfinestrat.com\/en\/elementor-1154\/","title":{"rendered":"Aviso Legal"},"content":{"rendered":"<div data-elementor-type=\"wp-page\" data-elementor-id=\"1154\" class=\"elementor elementor-1154\" data-elementor-post-type=\"page\">\n\t\t\t\t\t\t<section class=\"elementor-section elementor-top-section elementor-element elementor-element-45a1d0e elementor-section-boxed elementor-section-height-default elementor-section-height-default\" data-id=\"45a1d0e\" data-element_type=\"section\">\n\t\t\t\t\t\t<div class=\"elementor-container elementor-column-gap-default\">\n\t\t\t\t\t<div class=\"elementor-column elementor-col-100 elementor-top-column elementor-element elementor-element-af76e32\" data-id=\"af76e32\" data-element_type=\"column\">\n\t\t\t<div class=\"elementor-widget-wrap elementor-element-populated\">\n\t\t\t\t\t\t<div class=\"elementor-element elementor-element-67103e1 elementor-widget elementor-widget-text-editor\" data-id=\"67103e1\" data-element_type=\"widget\" data-widget_type=\"text-editor.default\">\n\t\t\t\t<div class=\"elementor-widget-container\">\n\t\t\t<style>\/*! elementor - v3.22.0 - 26-06-2024 *\/\n.elementor-widget-text-editor.elementor-drop-cap-view-stacked .elementor-drop-cap{background-color:#69727d;color:#fff}.elementor-widget-text-editor.elementor-drop-cap-view-framed .elementor-drop-cap{color:#69727d;border:3px solid;background-color:transparent}.elementor-widget-text-editor:not(.elementor-drop-cap-view-default) .elementor-drop-cap{margin-top:8px}.elementor-widget-text-editor:not(.elementor-drop-cap-view-default) .elementor-drop-cap-letter{width:1em;height:1em}.elementor-widget-text-editor .elementor-drop-cap{float:left;text-align:center;line-height:1;font-size:50px}.elementor-widget-text-editor .elementor-drop-cap-letter{display:inline-block}<\/style>\t\t\t\t<p>\u00a0<\/p><h1 style=\"color: var(--awb-color8)\">AVISO LEGAL<\/h1><p>En cumplimiento de la Ley 34\/2002, de 11 de julio, de Servicios de la Sociedad de la Informaci\u00f3n y de Comercio Electr\u00f3nico (LSSI-CE), la empresa le informa que es titular del sitio web. De acuerdo con la exigencia del art\u00edculo 10 de la citada Ley, informa de los siguientes datos:<\/p><p>El titular de este sitio web es:<\/p><table><tbody><tr><td class=\"bold\">Nombre de la empresa<\/td><td>PR\u00d3TESIS JARCO SL<\/td><\/tr><tr><td class=\"bold\">NIF<\/td><td>B97684153<\/td><\/tr><tr><td class=\"bold\">Direcci\u00f3n<\/td><td>CALLE FINESTRAT, 12 &#8211; BJ DR, VALENCIA, ESPA\u00d1A<\/td><\/tr><tr><td class=\"bold\">Email<\/td><td>info@dentalfinestrat.com<\/td><\/tr><tr><td class=\"bold\">Web<\/td><td>https:\/\/dentalfinestrat.com\/<\/td><\/tr><tr><td class=\"bold\">Inscripci\u00f3n en registro mercantil<\/td><td>N\/A<\/td><\/tr><\/tbody><\/table><p>\u00a0<\/p><h3>USUARIOS<\/h3><p>El acceso y\/o uso de este portal le atribuye la condici\u00f3n de USUARIO, que acepta, desde dicho acceso y\/o uso, las Condiciones Generales de Uso aqu\u00ed reflejadas. Las citadas Condiciones ser\u00e1n de aplicaci\u00f3n independientemente de las Condiciones Generales de Contrataci\u00f3n que en su caso resulten de obligado cumplimiento.<\/p><p>\u00a0<\/p><h3>USO DEL PORTAL<\/h3><p>La p\u00e1gina web proporciona el acceso a multitud de informaciones, servicios, programas o datos (en adelante, \u201clos contenidos\u201d) en Internet pertenecientes a PR\u00d3TESIS JARCO SL o a sus licenciantes a los que el USUARIO pueda tener acceso. El USUARIO asume la responsabilidad del uso del portal. Dicha responsabilidad se extiende al registro que fuese necesario para acceder a determinados servicios o contenidos.<\/p><p>En dicho registro el USUARIO ser\u00e1 responsable de aportar informaci\u00f3n veraz y l\u00edcita. Como consecuencia de este registro, al USUARIO se le puede proporcionar una contrase\u00f1a de la que ser\u00e1 responsable, comprometi\u00e9ndose a hacer un uso diligente y confidencial de la misma. El USUARIO se compromete a hacer un uso adecuado de los contenidos y servicios que PR\u00d3TESIS JARCO SL ofrece a trav\u00e9s de su portal y con car\u00e1cter enunciativo pero no limitativo, a no emplearlos para:<\/p><ul><li>incurrir en actividades il\u00edcitas, ilegales o contrarias a la buena fe y al orden p\u00fablico.<\/li><li>difundir contenidos o propaganda de car\u00e1cter racista, xen\u00f3fobo, pornogr\u00e1fico-ilegal, de apolog\u00eda del terrorismo o atentatorio contra los derechos humanos.<\/li><li>provocar da\u00f1os en los sistemas f\u00edsicos y l\u00f3gicos de PR\u00d3TESIS JARCO SL, de sus proveedores o de terceras personas, introducir o difundir en la red virus inform\u00e1ticos o cualesquiera otros sistemas f\u00edsicos o l\u00f3gicos que sean susceptibles de provocar los da\u00f1os anteriormente mencionados.<\/li><li>intentar acceder y, en su caso, utilizar las cuentas de correo electr\u00f3nico de otros usuarios y modificar manipular sus mensajes. PR\u00d3TESIS JARCO SL se reserva el derecho de retirar todos aquellos comentarios y aportaciones que vulneren el respeto a la dignidad de la persona, que sean discriminatorios, xen\u00f3fobos, racistas, pornogr\u00e1ficos, que atenten contra la juventud o la infancia, el orden o la seguridad p\u00fablica o que, a su juicio, no resultaran adecuados para su publicaci\u00f3n. En cualquier caso, PR\u00d3TESIS JARCO SL no ser\u00e1 responsable de las opiniones vertidas por los usuarios a trav\u00e9s de los foros, chats, u otras herramientas de participaci\u00f3n.<\/li><\/ul><p>\u00a0<\/p><h3>PROPIEDAD INTELECTUAL E INDUSTRIAL<\/h3><p>PR\u00d3TESIS JARCO SL ser\u00e1 titular de todos los derechos de propiedad intelectual e industrial de su p\u00e1gina web, as\u00ed como de los elementos contenidos en la misma (a t\u00edtulo enunciativo, im\u00e1genes, sonido, audio, v\u00eddeo, software o textos; marcas o logotipos, combinaciones de colores, estructura y dise\u00f1o, selecci\u00f3n de materiales usados, programas de ordenador necesarios para su funcionamiento, acceso y uso, etc.).<br \/>Todos los derechos reservados. En virtud de lo dispuesto en los art\u00edculos 8 y 32.1, p\u00e1rrafo segundo, de la Ley de Propiedad Intelectual, quedan expresamente prohibidas la reproducci\u00f3n, la distribuci\u00f3n y la comunicaci\u00f3n p\u00fablica, incluida su modalidad de puesta a disposici\u00f3n, de la totalidad o parte de los contenidos de esta p\u00e1gina web, con fines comerciales, en cualquier soporte y por cualquier medio t\u00e9cnico, sin la autorizaci\u00f3n de PR\u00d3TESIS JARCO SL. El USUARIO se compromete a respetar los derechos de Propiedad Intelectual e Industrial titularidad de PR\u00d3TESIS JARCO SL Podr\u00e1 visualizar los elementos del portal e incluso imprimirlos, copiarlos y almacenarlos en el disco duro de su ordenador o en cualquier otro soporte f\u00edsico siempre y cuando sea, \u00fanica y exclusivamente, para su uso personal y privado. El USUARIO deber\u00e1 abstenerse de suprimir, alterar, eludir o manipular cualquier dispositivo de protecci\u00f3n o sistema de seguridad que estuviera instalado en el las p\u00e1ginas de PR\u00d3TESIS JARCO SL.<\/p><p>\u00a0<\/p><h3>EXCLUSI\u00d3N DE GARANT\u00cdAS Y RESPONSABILIDAD<\/h3><p>PR\u00d3TESIS JARCO SL no se hace responsable, en ning\u00fan caso, de los da\u00f1os y perjuicios de cualquier naturaleza que pudieran ocasionar, a t\u00edtulo enunciativo: errores u omisiones en los contenidos, falta de disponibilidad del portal o la transmisi\u00f3n de virus o programas maliciosos o lesivos en los contenidos, a pesar de haber adoptado todas las medidas tecnol\u00f3gicas necesarias para evitarlo.<\/p><p>\u00a0<\/p><h3>MODIFICACIONES<\/h3><p>PR\u00d3TESIS JARCO SL se reserva el derecho de efectuar sin previo aviso las modificaciones que considere oportunas en su portal, pudiendo cambiar, suprimir o a\u00f1adir tanto los contenidos y servicios que se presten a trav\u00e9s de la misma como la forma en la que \u00e9stos aparezcan presentados o localizados en su portal.<\/p><p>\u00a0<\/p><h3>ENLACES<\/h3><p>En el caso de que en la p\u00e1gina web se dispusiesen enlaces o hiperv\u00ednculos hac\u00eda otros sitios de Internet, PR\u00d3TESIS JARCO SL no ejercer\u00e1 ning\u00fan tipo de control sobre dichos sitios y contenidos. En ning\u00fan caso PR\u00d3TESIS JARCO SL asumir\u00e1 responsabilidad alguna por los contenidos de alg\u00fan enlace perteneciente a un sitio web ajeno, ni garantizar\u00e1 la disponibilidad t\u00e9cnica, calidad, fiabilidad, exactitud, amplitud, veracidad, validez y constitucionalidad de cualquier material o informaci\u00f3n contenida en ninguno de dichos hiperv\u00ednculos u otros sitios de Internet.<br \/>Igualmente, la inclusi\u00f3n de estas conexiones externas no implicar\u00e1 ning\u00fan tipo de asociaci\u00f3n, fusi\u00f3n o participaci\u00f3n con las entidades conectadas.<\/p><p>\u00a0<\/p><h3>DERECHO DE EXCLUSI\u00d3N<\/h3><p>PR\u00d3TESIS JARCO SL se reserva el derecho a denegar o retirar el acceso a portal y\/o los servicios ofrecidos sin necesidad de preaviso, a instancia propia o de un tercero, a aquellos usuarios que incumplan las presentes Condiciones Generales de Uso.<\/p><p>\u00a0<\/p><h3>GENERALIDADES<\/h3><p>PR\u00d3TESIS JARCO SL perseguir\u00e1 el incumplimiento de las presentes condiciones, as\u00ed como cualquier utilizaci\u00f3n indebida de su portal ejerciendo todas las acciones civiles y penales que le puedan corresponder en derecho.<\/p><p>\u00a0<\/p><h3>MODIFICACI\u00d3N DE LAS PRESENTES CONDICIONES Y DURACI\u00d3N<\/h3><p>PR\u00d3TESIS JARCO SL podr\u00e1 modificar en cualquier momento las condiciones aqu\u00ed determinadas, siendo debidamente publicadas como aqu\u00ed aparecen.<br \/>La vigencia de las citadas condiciones ir\u00e1 en funci\u00f3n de su exposici\u00f3n y estar\u00e1n vigentes hasta que sean modificadas por otras debidamente publicadas.<\/p><p>\u00a0<\/p><h3>LEGISLACI\u00d3N APLICABLE Y JURISDICCI\u00d3N<\/h3><p>La relaci\u00f3n entre PR\u00d3TESIS JARCO SL y el USUARIO se regir\u00e1 por la normativa espa\u00f1ola vigente y cualquier controversia se someter\u00e1 a los Juzgados y tribunales de la ciudad anteriormente indicada.<\/p>\t\t\t\t\t\t<\/div>\n\t\t\t\t<\/div>\n\t\t\t\t\t<\/div>\n\t\t<\/div>\n\t\t\t\t\t<\/div>\n\t\t<\/section>\n\t\t\t\t<\/div>","protected":false},"excerpt":{"rendered":"<p>\u00a0 AVISO LEGAL En cumplimiento de la Ley 34\/2002, de 11 de julio, de Servicios de la Sociedad de la Informaci\u00f3n y de Comercio Electr\u00f3nico (LSSI-CE), la empresa le informa que es titular del sitio web. De acuerdo con la exigencia del art\u00edculo 10 de la citada Ley, informa de los siguientes datos: El titular &hellip;<\/p>\n<p class=\"read-more\"> <a class=\"\" href=\"https:\/\/dentalfinestrat.com\/en\/elementor-1154\/\"> <span class=\"screen-reader-text\">Aviso Legal<\/span> Read More &raquo;<\/a><\/p>","protected":false},"author":1,"featured_media":0,"parent":0,"menu_order":0,"comment_status":"closed","ping_status":"closed","template":"","meta":{"_uag_custom_page_level_css":"","site-sidebar-layout":"no-sidebar","site-content-layout":"page-builder","ast-site-content-layout":"full-width-container","site-content-style":"unboxed","site-sidebar-style":"unboxed","ast-global-header-display":"","ast-banner-title-visibility":"","ast-main-header-display":"","ast-hfb-above-header-display":"","ast-hfb-below-header-display":"","ast-hfb-mobile-header-display":"","site-post-title":"disabled","ast-breadcrumbs-content":"","ast-featured-img":"disabled","footer-sml-layout":"","theme-transparent-header-meta":"","adv-header-id-meta":"","stick-header-meta":"","header-above-stick-meta":"","header-main-stick-meta":"","header-below-stick-meta":"","astra-migrate-meta-layouts":"set","footnotes":""},"class_list":["post-1154","page","type-page","status-publish","hentry"],"yoast_head":"<!-- This site is optimized with the Yoast SEO Premium plugin v20.11 (Yoast SEO v23.0) - https:\/\/yoast.com\/wordpress\/plugins\/seo\/ -->\n<title>Aviso Legal | Dental Finestrat<\/title>\n<meta name=\"robots\" content=\"noindex, nofollow\" \/>\n<meta property=\"og:locale\" content=\"en_US\" \/>\n<meta property=\"og:type\" content=\"article\" \/>\n<meta property=\"og:title\" content=\"Aviso Legal\" \/>\n<meta property=\"og:description\" content=\"\u00a0 AVISO LEGAL En cumplimiento de la Ley 34\/2002, de 11 de julio, de Servicios de la Sociedad de la Informaci\u00f3n y de Comercio Electr\u00f3nico (LSSI-CE), la empresa le informa que es titular del sitio web. De acuerdo con la exigencia del art\u00edculo 10 de la citada Ley, informa de los siguientes datos: El titular &hellip; Aviso Legal Read More &raquo;\" \/>\n<meta property=\"og:url\" content=\"https:\/\/dentalfinestrat.com\/en\/elementor-1154\/\" \/>\n<meta property=\"og:site_name\" content=\"Dental Finestrat\" \/>\n<meta property=\"article:modified_time\" content=\"2026-02-13T10:23:46+00:00\" \/>\n<meta property=\"og:image\" content=\"https:\/\/dentalfinestrat.com\/wp-content\/uploads\/2023\/07\/blog-Jarco-1-1-1.jpg\" \/>\n\t<meta property=\"og:image:width\" content=\"145\" \/>\n\t<meta property=\"og:image:height\" content=\"145\" \/>\n\t<meta property=\"og:image:type\" content=\"image\/jpeg\" \/>\n<meta name=\"twitter:card\" content=\"summary_large_image\" \/>\n<meta name=\"twitter:label1\" content=\"Est. reading time\" \/>\n\t<meta name=\"twitter:data1\" content=\"5 minutes\" \/>\n<script type=\"application\/ld+json\" class=\"yoast-schema-graph\">{\"@context\":\"https:\/\/schema.org\",\"@graph\":[{\"@type\":\"WebPage\",\"@id\":\"https:\/\/dentalfinestrat.com\/elementor-1154\/\",\"url\":\"https:\/\/dentalfinestrat.com\/elementor-1154\/\",\"name\":\"Aviso Legal | Dental Finestrat\",\"isPartOf\":{\"@id\":\"https:\/\/dentalfinestrat.com\/#website\"},\"datePublished\":\"2023-08-31T10:54:36+00:00\",\"dateModified\":\"2026-02-13T10:23:46+00:00\",\"breadcrumb\":{\"@id\":\"https:\/\/dentalfinestrat.com\/elementor-1154\/#breadcrumb\"},\"inLanguage\":\"en-US\",\"potentialAction\":[{\"@type\":\"ReadAction\",\"target\":[\"https:\/\/dentalfinestrat.com\/elementor-1154\/\"]}]},{\"@type\":\"BreadcrumbList\",\"@id\":\"https:\/\/dentalfinestrat.com\/elementor-1154\/#breadcrumb\",\"itemListElement\":[{\"@type\":\"ListItem\",\"position\":1,\"name\":\"Home\",\"item\":\"https:\/\/dentalfinestrat.com\/\"},{\"@type\":\"ListItem\",\"position\":2,\"name\":\"Aviso Legal\"}]},{\"@type\":\"WebSite\",\"@id\":\"https:\/\/dentalfinestrat.com\/#website\",\"url\":\"https:\/\/dentalfinestrat.com\/\",\"name\":\"Dental Finestrat\",\"description\":\"\u25b7 Cl\u00ednica Dental en Valencia.\",\"publisher\":{\"@id\":\"https:\/\/dentalfinestrat.com\/#organization\"},\"potentialAction\":[{\"@type\":\"SearchAction\",\"target\":{\"@type\":\"EntryPoint\",\"urlTemplate\":\"https:\/\/dentalfinestrat.com\/?s={search_term_string}\"},\"query-input\":\"required name=search_term_string\"}],\"inLanguage\":\"en-US\"},{\"@type\":\"Organization\",\"@id\":\"https:\/\/dentalfinestrat.com\/#organization\",\"name\":\"Dental Finestrat\",\"url\":\"https:\/\/dentalfinestrat.com\/\",\"logo\":{\"@type\":\"ImageObject\",\"inLanguage\":\"en-US\",\"@id\":\"https:\/\/dentalfinestrat.com\/#\/schema\/logo\/image\/\",\"url\":\"https:\/\/dentalfinestrat.com\/wp-content\/uploads\/2023\/07\/cropped-Proyecto-nuevo.png\",\"contentUrl\":\"https:\/\/dentalfinestrat.com\/wp-content\/uploads\/2023\/07\/cropped-Proyecto-nuevo.png\",\"width\":470,\"height\":157,\"caption\":\"Dental Finestrat\"},\"image\":{\"@id\":\"https:\/\/dentalfinestrat.com\/#\/schema\/logo\/image\/\"}}]}<\/script>\n<!-- \/ Yoast SEO Premium plugin. -->","yoast_head_json":{"title":"Aviso Legal | Dental Finestrat","robots":{"index":"noindex","follow":"nofollow"},"og_locale":"en_US","og_type":"article","og_title":"Aviso Legal","og_description":"\u00a0 AVISO LEGAL En cumplimiento de la Ley 34\/2002, de 11 de julio, de Servicios de la Sociedad de la Informaci\u00f3n y de Comercio Electr\u00f3nico (LSSI-CE), la empresa le informa que es titular del sitio web. De acuerdo con la exigencia del art\u00edculo 10 de la citada Ley, informa de los siguientes datos: El titular &hellip; Aviso Legal Read More &raquo;","og_url":"https:\/\/dentalfinestrat.com\/en\/elementor-1154\/","og_site_name":"Dental Finestrat","article_modified_time":"2026-02-13T10:23:46+00:00","og_image":[{"width":145,"height":145,"url":"https:\/\/dentalfinestrat.com\/wp-content\/uploads\/2023\/07\/blog-Jarco-1-1-1.jpg","type":"image\/jpeg"}],"twitter_card":"summary_large_image","twitter_misc":{"Est. reading time":"5 minutes"},"schema":{"@context":"https:\/\/schema.org","@graph":[{"@type":"WebPage","@id":"https:\/\/dentalfinestrat.com\/elementor-1154\/","url":"https:\/\/dentalfinestrat.com\/elementor-1154\/","name":"Aviso Legal | Dental Finestrat","isPartOf":{"@id":"https:\/\/dentalfinestrat.com\/#website"},"datePublished":"2023-08-31T10:54:36+00:00","dateModified":"2026-02-13T10:23:46+00:00","breadcrumb":{"@id":"https:\/\/dentalfinestrat.com\/elementor-1154\/#breadcrumb"},"inLanguage":"en-US","potentialAction":[{"@type":"ReadAction","target":["https:\/\/dentalfinestrat.com\/elementor-1154\/"]}]},{"@type":"BreadcrumbList","@id":"https:\/\/dentalfinestrat.com\/elementor-1154\/#breadcrumb","itemListElement":[{"@type":"ListItem","position":1,"name":"Home","item":"https:\/\/dentalfinestrat.com\/"},{"@type":"ListItem","position":2,"name":"Aviso Legal"}]},{"@type":"WebSite","@id":"https:\/\/dentalfinestrat.com\/#website","url":"https:\/\/dentalfinestrat.com\/","name":"Dental Finestrat","description":"\u25b7 Cl\u00ednica Dental en Valencia.","publisher":{"@id":"https:\/\/dentalfinestrat.com\/#organization"},"potentialAction":[{"@type":"SearchAction","target":{"@type":"EntryPoint","urlTemplate":"https:\/\/dentalfinestrat.com\/?s={search_term_string}"},"query-input":"required name=search_term_string"}],"inLanguage":"en-US"},{"@type":"Organization","@id":"https:\/\/dentalfinestrat.com\/#organization","name":"Dental Finestrat","url":"https:\/\/dentalfinestrat.com\/","logo":{"@type":"ImageObject","inLanguage":"en-US","@id":"https:\/\/dentalfinestrat.com\/#\/schema\/logo\/image\/","url":"https:\/\/dentalfinestrat.com\/wp-content\/uploads\/2023\/07\/cropped-Proyecto-nuevo.png","contentUrl":"https:\/\/dentalfinestrat.com\/wp-content\/uploads\/2023\/07\/cropped-Proyecto-nuevo.png","width":470,"height":157,"caption":"Dental Finestrat"},"image":{"@id":"https:\/\/dentalfinestrat.com\/#\/schema\/logo\/image\/"}}]}},"uagb_featured_image_src":{"full":false,"thumbnail":false,"medium":false,"medium_large":false,"large":false,"1536x1536":false,"2048x2048":false,"trp-custom-language-flag":false},"uagb_author_info":{"display_name":"admin","author_link":"https:\/\/dentalfinestrat.com\/en\/author\/admin-pj\/"},"uagb_comment_info":0,"uagb_excerpt":"\u00a0 AVISO LEGAL En cumplimiento de la Ley 34\/2002, de 11 de julio, de Servicios de la Sociedad de la Informaci\u00f3n y de Comercio Electr\u00f3nico (LSSI-CE), la empresa le informa que es titular del sitio web. De acuerdo con la exigencia del art\u00edculo 10 de la citada Ley, informa de los siguientes datos: El titular&hellip;","_links":{"self":[{"href":"https:\/\/dentalfinestrat.com\/en\/wp-json\/wp\/v2\/pages\/1154","targetHints":{"allow":["GET"]}}],"collection":[{"href":"https:\/\/dentalfinestrat.com\/en\/wp-json\/wp\/v2\/pages"}],"about":[{"href":"https:\/\/dentalfinestrat.com\/en\/wp-json\/wp\/v2\/types\/page"}],"author":[{"embeddable":true,"href":"https:\/\/dentalfinestrat.com\/en\/wp-json\/wp\/v2\/users\/1"}],"replies":[{"embeddable":true,"href":"https:\/\/dentalfinestrat.com\/en\/wp-json\/wp\/v2\/comments?post=1154"}],"version-history":[{"count":12,"href":"https:\/\/dentalfinestrat.com\/en\/wp-json\/wp\/v2\/pages\/1154\/revisions"}],"predecessor-version":[{"id":1632,"href":"https:\/\/dentalfinestrat.com\/en\/wp-json\/wp\/v2\/pages\/1154\/revisions\/1632"}],"wp:attachment":[{"href":"https:\/\/dentalfinestrat.com\/en\/wp-json\/wp\/v2\/media?parent=1154"}],"curies":[{"name":"wp","href":"https:\/\/api.w.org\/{rel}","templated":true}]}}